{"id":79,"date":"2025-10-01T14:55:08","date_gmt":"2025-10-01T14:55:08","guid":{"rendered":"https:\/\/movimentoliberoeautonomo.it\/?page_id=79"},"modified":"2025-10-01T15:01:00","modified_gmt":"2025-10-01T15:01:00","slug":"termini-e-condizioni-statuto-associazione","status":"publish","type":"page","link":"https:\/\/movimentoliberoeautonomo.it\/en\/termini-e-condizioni-statuto-associazione\/","title":{"rendered":"Termini e Condizioni &#8211; Statuto Associazione"},"content":{"rendered":"<div data-elementor-type=\"wp-page\" data-elementor-id=\"79\" class=\"elementor elementor-79\">\n\t\t\t\t<div class=\"elementor-element elementor-element-7ea71761 e-flex e-con-boxed cmsmasters-block-default e-con e-parent\" data-id=\"7ea71761\" data-element_type=\"container\">\n\t\t\t\t\t<div class=\"e-con-inner\">\n\t\t\t\t<div class=\"elementor-element elementor-element-0d1bb54 cmsmasters-block-default cmsmasters-sticky-default elementor-widget elementor-widget-spacer\" data-id=\"0d1bb54\" data-element_type=\"widget\" data-widget_type=\"spacer.default\">\n\t\t\t\t\t\t\t<div class=\"elementor-spacer\">\n\t\t\t<div class=\"elementor-spacer-inner\"><\/div>\n\t\t<\/div>\n\t\t\t\t\t\t<\/div>\n\t\t\t\t<div class=\"elementor-element elementor-element-c49b8dd cmsmasters-block-default cmsmasters-sticky-default elementor-widget elementor-widget-heading\" data-id=\"c49b8dd\" data-element_type=\"widget\" data-widget_type=\"heading.default\">\n\t\t\t\t\t<h2 class=\"elementor-heading-title elementor-size-default\">Termini e Condizioni - Statuto Associazione<\/h2>\t\t\t\t<\/div>\n\t\t\t\t<div class=\"elementor-element elementor-element-37458303 cmsmasters-block-default cmsmasters-sticky-default elementor-widget elementor-widget-text-editor\" data-id=\"37458303\" data-element_type=\"widget\" data-widget_type=\"text-editor.default\">\n\t\t\t\t\t\t\t\t\t<p data-start=\"189\" data-end=\"260\"><strong data-start=\"189\" data-end=\"260\">MOVIMENTO LIBERO ED AUTONOMO DELLE SCUOLE DI FORMAZIONE AUTORIZZATE<\/strong><\/p>\n<hr data-start=\"262\" data-end=\"265\" \/>\n<h4 data-start=\"267\" data-end=\"317\">DENOMINAZIONE, SEDE, SCOPI E DURATA<\/h4>\n<p data-start=\"319\" data-end=\"505\"><strong data-start=\"319\" data-end=\"345\">Art. 1 &#8211; Denominazione<\/strong><br data-start=\"345\" data-end=\"348\" \/>\u00c8 costituita un&#8217;Associazione senza scopo di lucro denominata: &#8220;Associazione Sindacale Movimento Libero Ed Autonomo delle scuole di formazione autorizzate&#8221;.<\/p>\n<p data-start=\"507\" data-end=\"706\"><strong data-start=\"507\" data-end=\"532\">Art. 2 &#8211; Sede Sociale<\/strong><br data-start=\"532\" data-end=\"535\" \/>La sede sociale \u00e8 in Napoli. L&#8217;associazione potr\u00e0 operare su tutto il territorio della Repubblica con sedi regionali diverse, facenti capo sempre al Consiglio Direttivo.<\/p>\n<p data-start=\"708\" data-end=\"739\"><strong data-start=\"708\" data-end=\"737\">Art. 3 &#8211; Scopi e Finalit\u00e0<\/strong><\/p>\n<ol data-start=\"740\" data-end=\"1812\">\n<li data-start=\"740\" data-end=\"910\">\n<p data-start=\"743\" data-end=\"910\">L&#8217;Associazione non ha scopo di lucro, aderisce ai valori espressi dalla Costituzione della Repubblica Italiana ed opera nell&#8217;ambito delle leggi dello Stato Italiano.<\/p>\n<\/li>\n<li data-start=\"911\" data-end=\"1254\">\n<p data-start=\"914\" data-end=\"1254\">Essa intende perseguire l&#8217;interesse generale della comunit\u00e0 sociale alla promozione umana e alla integrazione sociale dei cittadini al fine di contribuire a colmare il divario culturale, sociale, relazionale, lavorativo ed economico. In modo particolare contribuisce a favorire l&#8217;inserimento lavorativo dei singoli nella comunit\u00e0 sociale.<\/p>\n<\/li>\n<li data-start=\"1255\" data-end=\"1610\">\n<p data-start=\"1258\" data-end=\"1610\">L&#8217;associazione ha lo scopo generale e specifico di curare l&#8217;interesse delle scuole di formazione professionale associate, nei confronti di enti pubblici e di Enti di diritto pubblico, di Enti di diritto privato, di altre associazioni e di privati cittadini. Tale obiettivo verr\u00e0 perseguito mediante l&#8217;istituzione di un apposito ufficio di consulenza.<\/p>\n<\/li>\n<li data-start=\"1611\" data-end=\"1812\">\n<p data-start=\"1614\" data-end=\"1812\">L&#8217;associazione promuove il coordinamento fra le scuole di formazione, l&#8217;omologazione dei modelli comportamentali e il rispetto degli standard culturali e lavorativi della formazione professionale.<\/p>\n<\/li>\n<\/ol>\n<p data-start=\"1814\" data-end=\"2743\">Inoltre, l&#8217;associazione si propone di attuare i fini suddetti attraverso:<br data-start=\"1887\" data-end=\"1890\" \/>a) La creazione di attivit\u00e0 polivalenti a favore degli iscritti nel settore dell&#8217;assistenza e della cultura;<br data-start=\"1998\" data-end=\"2001\" \/>b) La promozione di incontri, convegni, manifestazioni e spettacoli per elevare il livello culturale e professionale degli iscritti;<br data-start=\"2133\" data-end=\"2136\" \/>c) La promozione di iniziative che consentono il contatto organizzato delle scuole di formazione con Enti ed Istituzioni;<br data-start=\"2257\" data-end=\"2260\" \/>d) La gestione di servizi di consulenza;<br data-start=\"2300\" data-end=\"2303\" \/>e) La promozione dell&#8217;attivit\u00e0 di volontariato degli associati per fini di solidariet\u00e0;<br data-start=\"2390\" data-end=\"2393\" \/>f) La promozione e la realizzazione di attivit\u00e0 di formazione, informazione, documentazione e ricerca su tutti i diversi aspetti della formazione professionale (post-obbligo, post-diploma o post-laurea);<br data-start=\"2596\" data-end=\"2599\" \/>g) La promozione di convegni, meeting e stages;<br data-start=\"2646\" data-end=\"2649\" \/>h) La promozione di corsi di formazione per formatori e per docenti di scuole di formazione.<\/p>\n<p data-start=\"2745\" data-end=\"2876\"><strong data-start=\"2745\" data-end=\"2764\">Art. 4 &#8211; Durata<\/strong><br data-start=\"2764\" data-end=\"2767\" \/>La durata dell&#8217;Associazione \u00e8 a tempo indeterminato, salvo scioglimento deliberato dall&#8217;Assemblea dei Soci.<\/p>\n<hr data-start=\"2878\" data-end=\"2881\" \/>\n<h4 data-start=\"2883\" data-end=\"2928\">SOCI E MODALIT\u00c0 DI ISCRIZIONE<\/h4>\n<p data-start=\"2930\" data-end=\"2972\"><strong data-start=\"2930\" data-end=\"2970\">Art. 5 &#8211; Iscrizione all&#8217;Associazione<\/strong><\/p>\n<ol data-start=\"2973\" data-end=\"3247\">\n<li data-start=\"2973\" data-end=\"3134\">\n<p data-start=\"2976\" data-end=\"3134\">All&#8217;associazione si possono iscrivere tutte le scuole di formazione professionale purch\u00e9 svolgano corsi autorizzati da una Regione o da altro Ente pubblico.<\/p>\n<\/li>\n<li data-start=\"3135\" data-end=\"3247\">\n<p data-start=\"3138\" data-end=\"3247\">L&#8217;iscrizione all&#8217;associazione avviene con richiesta scritta firmata dal legale rappresentante della scuola.<\/p>\n<\/li>\n<\/ol>\n<p data-start=\"3249\" data-end=\"3507\"><strong data-start=\"3249\" data-end=\"3280\">Art. 6 &#8211; Requisiti dei Soci<\/strong><br data-start=\"3280\" data-end=\"3283\" \/>Sono soci coloro la cui iscrizione \u00e8 accettata dal Consiglio Direttivo e che siano in regola con il pagamento della quota associativa, stabilita annualmente dal Consiglio Direttivo in base all&#8217;andamento economico generale.<\/p>\n<p data-start=\"3509\" data-end=\"3600\"><strong data-start=\"3509\" data-end=\"3598\">Art. 6-bis \u2013 Termini e condizioni di tesseramento e pagamento della quota associativa<\/strong><\/p>\n<ol data-start=\"3601\" data-end=\"4620\">\n<li data-start=\"3601\" data-end=\"3733\">\n<p data-start=\"3604\" data-end=\"3733\">L\u2019adesione all\u2019Associazione comporta il versamento di una quota associativa annua stabilita in <strong data-start=\"3699\" data-end=\"3730\">Euro 120,00 (centoventi\/00)<\/strong>.<\/p>\n<\/li>\n<li data-start=\"3734\" data-end=\"3985\">\n<p data-start=\"3737\" data-end=\"3985\">Il pagamento della quota associativa deve essere effettuato entro il termine stabilito annualmente dal Consiglio Direttivo, esclusivamente tramite carta di credito o altri strumenti di pagamento elettronico messi a disposizione dall\u2019Associazione.<\/p>\n<\/li>\n<li data-start=\"3986\" data-end=\"4134\">\n<p data-start=\"3989\" data-end=\"4134\">Il mancato versamento della quota entro i termini previsti comporta la sospensione temporanea dei diritti di socio fino all\u2019avvenuto pagamento.<\/p>\n<\/li>\n<li data-start=\"4135\" data-end=\"4283\">\n<p data-start=\"4138\" data-end=\"4283\">La quota associativa \u00e8 personale, non trasferibile e non rimborsabile, nemmeno in caso di recesso anticipato o di esclusione dall\u2019Associazione.<\/p>\n<\/li>\n<li data-start=\"4284\" data-end=\"4460\">\n<p data-start=\"4287\" data-end=\"4460\">Il tesseramento ha validit\u00e0 <strong data-start=\"4315\" data-end=\"4336\">annuale (12 mesi)<\/strong> a partire dalla data di iscrizione e si intende tacitamente rinnovato con il pagamento della quota per l\u2019anno successivo.<\/p>\n<\/li>\n<li data-start=\"4461\" data-end=\"4620\">\n<p data-start=\"4464\" data-end=\"4620\">Con il pagamento della quota, il socio accetta integralmente il presente Statuto e i regolamenti interni eventualmente deliberati dal Consiglio Direttivo.<\/p>\n<\/li>\n<\/ol>\n<hr data-start=\"4622\" data-end=\"4625\" \/>\n<h4 data-start=\"4627\" data-end=\"4674\">PATRIMONIO ED ESERCIZI SOCIALI<\/h4>\n<p data-start=\"4676\" data-end=\"5094\"><strong data-start=\"4676\" data-end=\"4699\">Art. 7 &#8211; Patrimonio<\/strong><br data-start=\"4699\" data-end=\"4702\" \/>Il patrimonio \u00e8 costituito da:<br data-start=\"4732\" data-end=\"4735\" \/>a) Beni mobili ed immobili di propriet\u00e0 dell&#8217;Associazione;<br data-start=\"4793\" data-end=\"4796\" \/>b) Buoni del tesoro, certificati di deposito, obbligazioni e altri titoli eventualmente acquistati;<br data-start=\"4895\" data-end=\"4898\" \/>c) Fondi costituiti con le eccedenze di bilancio;<br data-start=\"4947\" data-end=\"4950\" \/>d) Erogazioni, donazioni, lasciti devoluti all&#8217;Associazione;<br data-start=\"5010\" data-end=\"5013\" \/>e) Fondi iscritti su c\/c postale e sul c\/c bancario intestato all&#8217;Associazione.<\/p>\n<p data-start=\"5096\" data-end=\"5532\"><strong data-start=\"5096\" data-end=\"5116\">Art. 8 &#8211; Entrate<\/strong><br data-start=\"5116\" data-end=\"5119\" \/>Le entrate dell&#8217;associazione sono costituite da:<br data-start=\"5167\" data-end=\"5170\" \/>a) Quote sociali annuali;<br data-start=\"5195\" data-end=\"5198\" \/>b) Attivi di bilancio derivanti da manifestazioni, iniziative o partecipazioni ad esse;<br data-start=\"5285\" data-end=\"5288\" \/>c) Qualsiasi altro provento o contributo proveniente dall&#8217;attivit\u00e0 che verranno ritenute utili ed attinenti l&#8217;oggetto sociale;<br data-start=\"5414\" data-end=\"5417\" \/>d) Contributi volontari di Enti o di soci;<br data-start=\"5459\" data-end=\"5462\" \/>e) Ogni altra entrata che concorra ad incrementare l&#8217;attivo sociale.<\/p>\n<p data-start=\"5534\" data-end=\"5858\"><strong data-start=\"5534\" data-end=\"5568\">Art. 9 &#8211; Esercizio Finanziario<\/strong><br data-start=\"5568\" data-end=\"5571\" \/>L&#8217;esercizio finanziario \u00e8 riferito ad anno solare e si chiude al 31 dicembre di ogni anno. Il Consiglio di Amministrazione predispone il rendiconto consuntivo e il bilancio preventivo, che vengono approvati annualmente dall&#8217;Assemblea dei Soci entro il 28 febbraio dell&#8217;anno successivo.<\/p>\n<hr data-start=\"5860\" data-end=\"5863\" \/>\n<h4 data-start=\"5865\" data-end=\"5897\">ORGANI STATUTARI<\/h4>\n<p data-start=\"5899\" data-end=\"5934\"><strong data-start=\"5899\" data-end=\"5932\">Art. 10 &#8211; Consiglio Direttivo<\/strong><\/p>\n<ol data-start=\"5935\" data-end=\"6275\">\n<li data-start=\"5935\" data-end=\"6059\">\n<p data-start=\"5938\" data-end=\"6059\">Il Consiglio Direttivo dura in carica tre anni e i suoi membri sono rieleggibili. Viene eletto dall&#8217;Assemblea dei soci.<\/p>\n<\/li>\n<li data-start=\"6060\" data-end=\"6141\">\n<p data-start=\"6063\" data-end=\"6141\">Il Consiglio, al suo interno, nomina il Presidente e il Segretario Politico.<\/p>\n<\/li>\n<li data-start=\"6142\" data-end=\"6275\">\n<p data-start=\"6145\" data-end=\"6275\">Il Consiglio nomina i responsabili dei diversi settori formativi e approva il conto consuntivo e il bilancio preventivo annuale.<\/p>\n<\/li>\n<\/ol>\n<p data-start=\"6277\" data-end=\"6559\"><strong data-start=\"6277\" data-end=\"6313\">Art. 11 &#8211; Compiti del Presidente<\/strong><br data-start=\"6313\" data-end=\"6316\" \/>Il Presidente ha carica simbolica e rappresenta l&#8217;unit\u00e0 del Movimento. \u00c8 il garante della funzione, della coerenza e dei valori etici dell&#8217;Associazione, cos\u00ec come espressi nel presente Statuto. Non svolge compiti gestionali o amministrativi.<\/p>\n<p data-start=\"6561\" data-end=\"6608\"><strong data-start=\"6561\" data-end=\"6606\">Art. 12 &#8211; Compiti del Segretario Politico<\/strong><\/p>\n<ol data-start=\"6609\" data-end=\"7436\">\n<li data-start=\"6609\" data-end=\"6733\">\n<p data-start=\"6612\" data-end=\"6733\">Il Segretario Politico \u00e8 il legale rappresentante dell&#8217;associazione e detiene la responsabilit\u00e0 operativa e gestionale.<\/p>\n<\/li>\n<li data-start=\"6734\" data-end=\"7436\">\n<p data-start=\"6737\" data-end=\"7436\">Svolge tutti i compiti amministrativi, finanziari e organizzativi, tra cui:<br data-start=\"6812\" data-end=\"6815\" \/>a) Rappresentare l&#8217;associazione avanti a terzi, in sede giudiziaria e presso tutte le amministrazioni pubbliche e private.<br data-start=\"6937\" data-end=\"6940\" \/>b) Riscotere somme, quietanzare, gestire i conti correnti bancari e postali, emettere assegni e disporre operazioni finanziarie.<br data-start=\"7068\" data-end=\"7071\" \/>c) Redigere i verbali del Consiglio Direttivo e dell&#8217;Assemblea, curare la tenuta di tutti gli atti e registri dell&#8217;Associazione e firmare gli atti contabili e i pagamenti.<br data-start=\"7242\" data-end=\"7245\" \/>d) Attuare le delibere del Consiglio Direttivo e dell&#8217;Assemblea.<br data-start=\"7309\" data-end=\"7312\" \/>e) Svolgere tutti gli atti di ordinaria e straordinaria amministrazione necessari al buon funzionamento dell&#8217;associazione.<\/p>\n<\/li>\n<\/ol>\n<p data-start=\"7438\" data-end=\"7654\"><strong data-start=\"7438\" data-end=\"7483\">Art. 13 &#8211; Compiti dell&#8217;Assemblea dei Soci<\/strong><br data-start=\"7483\" data-end=\"7486\" \/>L&#8217;Assemblea dei soci elegge nel suo seno il Consiglio Direttivo, approva il piano di attivit\u00e0 annuale e triennale ed elabora i progetti di attivit\u00e0 dell&#8217;Associazione.<\/p>\n<hr data-start=\"7656\" data-end=\"7659\" \/>\n<h4 data-start=\"7661\" data-end=\"7688\">SCIOGLIMENTO<\/h4>\n<p data-start=\"7690\" data-end=\"7971\"><strong data-start=\"7690\" data-end=\"7734\">Art. 14 &#8211; Scioglimento dell&#8217;Associazione<\/strong><br data-start=\"7734\" data-end=\"7737\" \/>Lo scioglimento dell&#8217;Associazione potr\u00e0 essere deliberato da un&#8217;assemblea straordinaria appositamente convocata. Tale assemblea sar\u00e0 valida solo con l&#8217;intervento della totalit\u00e0 dei soci che al momento risultano validamente iscritti.<\/p>\t\t\t\t\t\t\t\t<\/div>\n\t\t\t\t\t<\/div>\n\t\t\t\t<\/div>\n\t\t\t\t<\/div>\n\t\t\n    <div class=\"xs_social_share_widget xs_share_url after_content \t\tmain_content  wslu-style-1 wslu-share-box-shaped wslu-fill-colored wslu-none wslu-share-horizontal wslu-theme-font-no wslu-main_content\">\n\n\t\t\n        <ul>\n\t\t\t        <\/ul>\n    <\/div>","protected":false},"excerpt":{"rendered":"<p>Termini e Condizioni &#8211; Statuto Associazione MOVIMENTO LIBERO ED AUTONOMO DELLE SCUOLE DI FORMAZIONE AUTORIZZATE DENOMINAZIONE, SEDE, SCOPI E DURATA Art. 1 &#8211; Denominazione\u00c8 costituita un&#8217;Associazione senza scopo di lucro&#8230;<\/p>","protected":false},"author":1,"featured_media":0,"parent":0,"menu_order":0,"comment_status":"closed","ping_status":"closed","template":"","meta":{"_acf_changed":false,"postBodyCss":"","postBodyMargin":[],"postBodyPadding":[],"postBodyBackground":{"backgroundType":"classic","gradient":""},"footnotes":""},"class_list":["post-79","page","type-page","status-publish","hentry"],"acf":[],"_hostinger_reach_plugin_has_subscription_block":false,"_hostinger_reach_plugin_is_elementor":false,"_links":{"self":[{"href":"https:\/\/movimentoliberoeautonomo.it\/en\/wp-json\/wp\/v2\/pages\/79","targetHints":{"allow":["GET"]}}],"collection":[{"href":"https:\/\/movimentoliberoeautonomo.it\/en\/wp-json\/wp\/v2\/pages"}],"about":[{"href":"https:\/\/movimentoliberoeautonomo.it\/en\/wp-json\/wp\/v2\/types\/page"}],"author":[{"embeddable":true,"href":"https:\/\/movimentoliberoeautonomo.it\/en\/wp-json\/wp\/v2\/users\/1"}],"replies":[{"embeddable":true,"href":"https:\/\/movimentoliberoeautonomo.it\/en\/wp-json\/wp\/v2\/comments?post=79"}],"version-history":[{"count":10,"href":"https:\/\/movimentoliberoeautonomo.it\/en\/wp-json\/wp\/v2\/pages\/79\/revisions"}],"predecessor-version":[{"id":50385,"href":"https:\/\/movimentoliberoeautonomo.it\/en\/wp-json\/wp\/v2\/pages\/79\/revisions\/50385"}],"wp:attachment":[{"href":"https:\/\/movimentoliberoeautonomo.it\/en\/wp-json\/wp\/v2\/media?parent=79"}],"curies":[{"name":"wp","href":"https:\/\/api.w.org\/{rel}","templated":true}]}}